{"id":15,"date":"2025-12-03T18:45:21","date_gmt":"2025-12-03T21:45:21","guid":{"rendered":"https:\/\/eubrand.com.br\/templatestore\/about\/"},"modified":"2026-01-21T17:05:59","modified_gmt":"2026-01-21T20:05:59","slug":"about","status":"publish","type":"page","link":"https:\/\/eubrand.com.br\/templatestore\/about\/","title":{"rendered":"About"},"content":{"rendered":"\t\t<div data-elementor-type=\"wp-page\" data-elementor-id=\"15\" class=\"elementor elementor-15\" data-elementor-post-type=\"page\">\n\t\t\t\t<div class=\"elementor-element elementor-element-cbf78c9 e-flex e-con-boxed e-con e-parent\" data-id=\"cbf78c9\" data-element_type=\"container\" data-settings=\"{&quot;background_background&quot;:&quot;classic&quot;}\">\n\t\t\t\t\t<div class=\"e-con-inner\">\n\t\t\t\t<div class=\"elementor-element elementor-element-257fc76 elementor-widget elementor-widget-heading\" data-id=\"257fc76\" data-element_type=\"widget\" data-widget_type=\"heading.default\">\n\t\t\t\t<div class=\"elementor-widget-container\">\n\t\t\t\t\t<h1 class=\"elementor-heading-title elementor-size-default\">Trabalhando com Paix\u00e3o<\/h1>\t\t\t\t<\/div>\n\t\t\t\t<\/div>\n\t\t\t\t\t<\/div>\n\t\t\t\t<\/div>\n\t\t<div class=\"elementor-element elementor-element-f4a7be5 e-flex e-con-boxed e-con e-parent\" data-id=\"f4a7be5\" data-element_type=\"container\">\n\t\t\t\t\t<div class=\"e-con-inner\">\n\t\t<div class=\"elementor-element elementor-element-6348d00 e-con-full e-flex e-con e-child\" data-id=\"6348d00\" data-element_type=\"container\">\n\t\t\t\t<div class=\"elementor-element elementor-element-f9eabbd elementor-widget elementor-widget-image\" data-id=\"f9eabbd\" data-element_type=\"widget\" data-widget_type=\"image.default\">\n\t\t\t\t<div class=\"elementor-widget-container\">\n\t\t\t\t\t\t\t\t\t\t\t\t\t\t\t<img fetchpriority=\"high\" decoding=\"async\" width=\"810\" height=\"1013\" src=\"https:\/\/eubrand.com.br\/templatestore\/wp-content\/uploads\/sites\/3\/2025\/12\/Design-sem-nome-2025-12-11T143200.940.jpg\" class=\"attachment-full size-full wp-image-806\" alt=\"\" srcset=\"https:\/\/eubrand.com.br\/templatestore\/wp-content\/uploads\/sites\/3\/2025\/12\/Design-sem-nome-2025-12-11T143200.940.jpg 810w, https:\/\/eubrand.com.br\/templatestore\/wp-content\/uploads\/sites\/3\/2025\/12\/Design-sem-nome-2025-12-11T143200.940-240x300.jpg 240w, https:\/\/eubrand.com.br\/templatestore\/wp-content\/uploads\/sites\/3\/2025\/12\/Design-sem-nome-2025-12-11T143200.940-768x960.jpg 768w, https:\/\/eubrand.com.br\/templatestore\/wp-content\/uploads\/sites\/3\/2025\/12\/Design-sem-nome-2025-12-11T143200.940-800x1000.jpg 800w\" sizes=\"(max-width: 810px) 100vw, 810px\" \/>\t\t\t\t\t\t\t\t\t\t\t\t\t\t\t<\/div>\n\t\t\t\t<\/div>\n\t\t\t\t<\/div>\n\t\t<div class=\"elementor-element elementor-element-953a020 e-con-full e-flex e-con e-child\" data-id=\"953a020\" data-element_type=\"container\">\n\t\t\t\t<div class=\"elementor-element elementor-element-f632d01 elementor-widget elementor-widget-heading\" data-id=\"f632d01\" data-element_type=\"widget\" data-widget_type=\"heading.default\">\n\t\t\t\t<div class=\"elementor-widget-container\">\n\t\t\t\t\t<h2 class=\"elementor-heading-title elementor-size-default\">Minha Miss\u00e3o \u00e9 Fornecer a Voc\u00ea Sua Total Liberdade Emocional.<\/h2>\t\t\t\t<\/div>\n\t\t\t\t<\/div>\n\t\t\t\t<div class=\"elementor-element elementor-element-ce014bb elementor-widget elementor-widget-text-editor\" data-id=\"ce014bb\" data-element_type=\"widget\" data-widget_type=\"text-editor.default\">\n\t\t\t\t<div class=\"elementor-widget-container\">\n\t\t\t\t\t\t\t\t\t<p>O Instituto Liberdade Plena foi fundado com o prop\u00f3sito de guiar indiv\u00edduos a reescreverem suas hist\u00f3rias e a desativarem seus padr\u00f5es limitantes. Acreditamos no impacto profundo da neuroci\u00eancia e das terapias integrativas em nossas vidas. Seja purificando cren\u00e7as antigas, reduzindo o estresse ou simplesmente adicionando um toque de clareza ao seu prop\u00f3sito, a Reprograma\u00e7\u00e3o Emocional \u00e9 mais que um tratamento \u2014 \u00e9 um novo estilo de vida.<\/p>\t\t\t\t\t\t\t\t<\/div>\n\t\t\t\t<\/div>\n\t\t\t\t<div class=\"elementor-element elementor-element-453eaac elementor-widget-divider--view-line elementor-widget elementor-widget-divider\" data-id=\"453eaac\" data-element_type=\"widget\" data-widget_type=\"divider.default\">\n\t\t\t\t<div class=\"elementor-widget-container\">\n\t\t\t\t\t\t\t<div class=\"elementor-divider\">\n\t\t\t<span class=\"elementor-divider-separator\">\n\t\t\t\t\t\t<\/span>\n\t\t<\/div>\n\t\t\t\t\t\t<\/div>\n\t\t\t\t<\/div>\n\t\t\t\t<div class=\"elementor-element elementor-element-7626cd8 elementor-widget elementor-widget-text-editor\" data-id=\"7626cd8\" data-element_type=\"widget\" data-widget_type=\"text-editor.default\">\n\t\t\t\t<div class=\"elementor-widget-container\">\n\t\t\t\t\t\t\t\t\t<p>\u201cAmo o que fa\u00e7o e crio parcerias de confian\u00e7a com meus clientes para garantir que sua transforma\u00e7\u00e3o interior esteja posicionada para um sucesso duradouro.\u201d<\/p>\t\t\t\t\t\t\t\t<\/div>\n\t\t\t\t<\/div>\n\t\t\t\t<div class=\"elementor-element elementor-element-8847761 elementor-position-left elementor-vertical-align-middle elementor-position-top elementor-widget elementor-widget-image-box\" data-id=\"8847761\" data-element_type=\"widget\" data-widget_type=\"image-box.default\">\n\t\t\t\t<div class=\"elementor-widget-container\">\n\t\t\t\t\t<div class=\"elementor-image-box-wrapper\"><figure class=\"elementor-image-box-img\"><img decoding=\"async\" width=\"625\" height=\"625\" src=\"https:\/\/eubrand.com.br\/templatestore\/wp-content\/uploads\/sites\/3\/2025\/12\/Selfie.png\" class=\"attachment-full size-full wp-image-648\" alt=\"selfie\" srcset=\"https:\/\/eubrand.com.br\/templatestore\/wp-content\/uploads\/sites\/3\/2025\/12\/Selfie.png 625w, https:\/\/eubrand.com.br\/templatestore\/wp-content\/uploads\/sites\/3\/2025\/12\/Selfie-300x300.png 300w, https:\/\/eubrand.com.br\/templatestore\/wp-content\/uploads\/sites\/3\/2025\/12\/Selfie-150x150.png 150w, https:\/\/eubrand.com.br\/templatestore\/wp-content\/uploads\/sites\/3\/2025\/12\/Selfie-100x100.png 100w\" sizes=\"(max-width: 625px) 100vw, 625px\" \/><\/figure><div class=\"elementor-image-box-content\"><h6 class=\"elementor-image-box-title\">Joyce C. Bongard<\/h6><p class=\"elementor-image-box-description\">Reprograma\u00e7\u00e3o Emocional<\/p><\/div><\/div>\t\t\t\t<\/div>\n\t\t\t\t<\/div>\n\t\t\t\t<\/div>\n\t\t\t\t\t<\/div>\n\t\t\t\t<\/div>\n\t\t<div class=\"elementor-element elementor-element-adb2349 e-flex e-con-boxed e-con e-parent\" data-id=\"adb2349\" data-element_type=\"container\" data-settings=\"{&quot;background_background&quot;:&quot;classic&quot;}\">\n\t\t\t\t\t<div class=\"e-con-inner\">\n\t\t\t\t<div class=\"elementor-element elementor-element-5e0f4c4 elementor-widget elementor-widget-heading\" data-id=\"5e0f4c4\" data-element_type=\"widget\" data-widget_type=\"heading.default\">\n\t\t\t\t<div class=\"elementor-widget-container\">\n\t\t\t\t\t<h2 class=\"elementor-heading-title elementor-size-default\">Nossos Valores Fundamentais Que Norteiam Tudo O Que Fazemos.<\/h2>\t\t\t\t<\/div>\n\t\t\t\t<\/div>\n\t\t<div class=\"elementor-element elementor-element-d2daa02 e-grid e-con-full e-con e-child\" data-id=\"d2daa02\" data-element_type=\"container\">\n\t\t\t\t<div class=\"elementor-element elementor-element-56b6d66 elementor-view-stacked elementor-position-inline-start elementor-shape-circle elementor-mobile-position-block-start elementor-widget elementor-widget-icon-box\" data-id=\"56b6d66\" data-element_type=\"widget\" data-widget_type=\"icon-box.default\">\n\t\t\t\t<div class=\"elementor-widget-container\">\n\t\t\t\t\t\t\t<div class=\"elementor-icon-box-wrapper\">\n\n\t\t\t\t\t\t<div class=\"elementor-icon-box-icon\">\n\t\t\t\t<span  class=\"elementor-icon\">\n\t\t\t\t<svg aria-hidden=\"true\" class=\"e-font-icon-svg e-fas-cube\" viewBox=\"0 0 512 512\" xmlns=\"http:\/\/www.w3.org\/2000\/svg\"><path d=\"M239.1 6.3l-208 78c-18.7 7-31.1 25-31.1 45v225.1c0 18.2 10.3 34.8 26.5 42.9l208 104c13.5 6.8 29.4 6.8 42.9 0l208-104c16.3-8.1 26.5-24.8 26.5-42.9V129.3c0-20-12.4-37.9-31.1-44.9l-208-78C262 2.2 250 2.2 239.1 6.3zM256 68.4l192 72v1.1l-192 78-192-78v-1.1l192-72zm32 356V275.5l160-65v133.9l-160 80z\"><\/path><\/svg>\t\t\t\t<\/span>\n\t\t\t<\/div>\n\t\t\t\n\t\t\t\t\t\t<div class=\"elementor-icon-box-content\">\n\n\t\t\t\t\t\t\t\t\t<h4 class=\"elementor-icon-box-title\">\n\t\t\t\t\t\t<span  >\n\t\t\t\t\t\t\tApaixonado pelo trabalho\t\t\t\t\t\t<\/span>\n\t\t\t\t\t<\/h4>\n\t\t\t\t\n\t\t\t\t\t\t\t\t\t<p class=\"elementor-icon-box-description\">\n\t\t\t\t\t\tPaix\u00e3o pelo trabalho \u00e9 entusiasmo e empolga\u00e7\u00e3o pelo que voc\u00ea faz.\t\t\t\t\t<\/p>\n\t\t\t\t\n\t\t\t<\/div>\n\t\t\t\n\t\t<\/div>\n\t\t\t\t\t\t<\/div>\n\t\t\t\t<\/div>\n\t\t\t\t<div class=\"elementor-element elementor-element-a315a26 elementor-view-stacked elementor-position-inline-start elementor-shape-circle elementor-mobile-position-block-start elementor-widget elementor-widget-icon-box\" data-id=\"a315a26\" data-element_type=\"widget\" data-widget_type=\"icon-box.default\">\n\t\t\t\t<div class=\"elementor-widget-container\">\n\t\t\t\t\t\t\t<div class=\"elementor-icon-box-wrapper\">\n\n\t\t\t\t\t\t<div class=\"elementor-icon-box-icon\">\n\t\t\t\t<span  class=\"elementor-icon\">\n\t\t\t\t<svg aria-hidden=\"true\" class=\"e-font-icon-svg e-fas-cube\" viewBox=\"0 0 512 512\" xmlns=\"http:\/\/www.w3.org\/2000\/svg\"><path d=\"M239.1 6.3l-208 78c-18.7 7-31.1 25-31.1 45v225.1c0 18.2 10.3 34.8 26.5 42.9l208 104c13.5 6.8 29.4 6.8 42.9 0l208-104c16.3-8.1 26.5-24.8 26.5-42.9V129.3c0-20-12.4-37.9-31.1-44.9l-208-78C262 2.2 250 2.2 239.1 6.3zM256 68.4l192 72v1.1l-192 78-192-78v-1.1l192-72zm32 356V275.5l160-65v133.9l-160 80z\"><\/path><\/svg>\t\t\t\t<\/span>\n\t\t\t<\/div>\n\t\t\t\n\t\t\t\t\t\t<div class=\"elementor-icon-box-content\">\n\n\t\t\t\t\t\t\t\t\t<h4 class=\"elementor-icon-box-title\">\n\t\t\t\t\t\t<span  >\n\t\t\t\t\t\t\tMembros da equipe criativa\t\t\t\t\t\t<\/span>\n\t\t\t\t\t<\/h4>\n\t\t\t\t\n\t\t\t\t\t\t\t\t\t<p class=\"elementor-icon-box-description\">\n\t\t\t\t\t\tUma equipe criativa deve conceber e executar campanhas e incentivar\t\t\t\t\t<\/p>\n\t\t\t\t\n\t\t\t<\/div>\n\t\t\t\n\t\t<\/div>\n\t\t\t\t\t\t<\/div>\n\t\t\t\t<\/div>\n\t\t\t\t<div class=\"elementor-element elementor-element-842d9a6 elementor-view-stacked elementor-position-inline-start elementor-shape-circle elementor-mobile-position-block-start elementor-widget elementor-widget-icon-box\" data-id=\"842d9a6\" data-element_type=\"widget\" data-widget_type=\"icon-box.default\">\n\t\t\t\t<div class=\"elementor-widget-container\">\n\t\t\t\t\t\t\t<div class=\"elementor-icon-box-wrapper\">\n\n\t\t\t\t\t\t<div class=\"elementor-icon-box-icon\">\n\t\t\t\t<span  class=\"elementor-icon\">\n\t\t\t\t<svg aria-hidden=\"true\" class=\"e-font-icon-svg e-fas-cube\" viewBox=\"0 0 512 512\" xmlns=\"http:\/\/www.w3.org\/2000\/svg\"><path d=\"M239.1 6.3l-208 78c-18.7 7-31.1 25-31.1 45v225.1c0 18.2 10.3 34.8 26.5 42.9l208 104c13.5 6.8 29.4 6.8 42.9 0l208-104c16.3-8.1 26.5-24.8 26.5-42.9V129.3c0-20-12.4-37.9-31.1-44.9l-208-78C262 2.2 250 2.2 239.1 6.3zM256 68.4l192 72v1.1l-192 78-192-78v-1.1l192-72zm32 356V275.5l160-65v133.9l-160 80z\"><\/path><\/svg>\t\t\t\t<\/span>\n\t\t\t<\/div>\n\t\t\t\n\t\t\t\t\t\t<div class=\"elementor-icon-box-content\">\n\n\t\t\t\t\t\t\t\t\t<h4 class=\"elementor-icon-box-title\">\n\t\t\t\t\t\t<span  >\n\t\t\t\t\t\t\tSolu\u00e7\u00f5es inovadoras\t\t\t\t\t\t<\/span>\n\t\t\t\t\t<\/h4>\n\t\t\t\t\n\t\t\t\t\t\t\t\t\t<p class=\"elementor-icon-box-description\">\n\t\t\t\t\t\tUtilizando conceitos completamente novos, encontrando novas maneiras de usar os existentes.\t\t\t\t\t<\/p>\n\t\t\t\t\n\t\t\t<\/div>\n\t\t\t\n\t\t<\/div>\n\t\t\t\t\t\t<\/div>\n\t\t\t\t<\/div>\n\t\t\t\t<div class=\"elementor-element elementor-element-dd07312 elementor-view-stacked elementor-position-inline-start elementor-shape-circle elementor-mobile-position-block-start elementor-widget elementor-widget-icon-box\" data-id=\"dd07312\" data-element_type=\"widget\" data-widget_type=\"icon-box.default\">\n\t\t\t\t<div class=\"elementor-widget-container\">\n\t\t\t\t\t\t\t<div class=\"elementor-icon-box-wrapper\">\n\n\t\t\t\t\t\t<div class=\"elementor-icon-box-icon\">\n\t\t\t\t<span  class=\"elementor-icon\">\n\t\t\t\t<svg aria-hidden=\"true\" class=\"e-font-icon-svg e-fas-cube\" viewBox=\"0 0 512 512\" xmlns=\"http:\/\/www.w3.org\/2000\/svg\"><path d=\"M239.1 6.3l-208 78c-18.7 7-31.1 25-31.1 45v225.1c0 18.2 10.3 34.8 26.5 42.9l208 104c13.5 6.8 29.4 6.8 42.9 0l208-104c16.3-8.1 26.5-24.8 26.5-42.9V129.3c0-20-12.4-37.9-31.1-44.9l-208-78C262 2.2 250 2.2 239.1 6.3zM256 68.4l192 72v1.1l-192 78-192-78v-1.1l192-72zm32 356V275.5l160-65v133.9l-160 80z\"><\/path><\/svg>\t\t\t\t<\/span>\n\t\t\t<\/div>\n\t\t\t\n\t\t\t\t\t\t<div class=\"elementor-icon-box-content\">\n\n\t\t\t\t\t\t\t\t\t<h4 class=\"elementor-icon-box-title\">\n\t\t\t\t\t\t<span  >\n\t\t\t\t\t\t\tProdutos de qualidad\t\t\t\t\t\t<\/span>\n\t\t\t\t\t<\/h4>\n\t\t\t\t\n\t\t\t\t\t\t\t\t\t<p class=\"elementor-icon-box-description\">\n\t\t\t\t\t\tA qualidade do produto refere-se ao qu\u00e3o bem um produto satisfaz o nosso cliente.\t\t\t\t\t<\/p>\n\t\t\t\t\n\t\t\t<\/div>\n\t\t\t\n\t\t<\/div>\n\t\t\t\t\t\t<\/div>\n\t\t\t\t<\/div>\n\t\t\t\t<div class=\"elementor-element elementor-element-3ebcf31 elementor-view-stacked elementor-position-inline-start elementor-shape-circle elementor-mobile-position-block-start elementor-widget elementor-widget-icon-box\" data-id=\"3ebcf31\" data-element_type=\"widget\" data-widget_type=\"icon-box.default\">\n\t\t\t\t<div class=\"elementor-widget-container\">\n\t\t\t\t\t\t\t<div class=\"elementor-icon-box-wrapper\">\n\n\t\t\t\t\t\t<div class=\"elementor-icon-box-icon\">\n\t\t\t\t<span  class=\"elementor-icon\">\n\t\t\t\t<svg aria-hidden=\"true\" class=\"e-font-icon-svg e-fas-cube\" viewBox=\"0 0 512 512\" xmlns=\"http:\/\/www.w3.org\/2000\/svg\"><path d=\"M239.1 6.3l-208 78c-18.7 7-31.1 25-31.1 45v225.1c0 18.2 10.3 34.8 26.5 42.9l208 104c13.5 6.8 29.4 6.8 42.9 0l208-104c16.3-8.1 26.5-24.8 26.5-42.9V129.3c0-20-12.4-37.9-31.1-44.9l-208-78C262 2.2 250 2.2 239.1 6.3zM256 68.4l192 72v1.1l-192 78-192-78v-1.1l192-72zm32 356V275.5l160-65v133.9l-160 80z\"><\/path><\/svg>\t\t\t\t<\/span>\n\t\t\t<\/div>\n\t\t\t\n\t\t\t\t\t\t<div class=\"elementor-icon-box-content\">\n\n\t\t\t\t\t\t\t\t\t<h4 class=\"elementor-icon-box-title\">\n\t\t\t\t\t\t<span  >\n\t\t\t\t\t\t\tSatisfa\u00e7\u00e3o do cliente\t\t\t\t\t\t<\/span>\n\t\t\t\t\t<\/h4>\n\t\t\t\t\n\t\t\t\t\t\t\t\t\t<p class=\"elementor-icon-box-description\">\n\t\t\t\t\t\tClientes satisfeitos ficam encantados com o atendimento ao cliente.\t\t\t\t\t<\/p>\n\t\t\t\t\n\t\t\t<\/div>\n\t\t\t\n\t\t<\/div>\n\t\t\t\t\t\t<\/div>\n\t\t\t\t<\/div>\n\t\t\t\t<div class=\"elementor-element elementor-element-edc36c8 elementor-view-stacked elementor-position-inline-start elementor-shape-circle elementor-mobile-position-block-start elementor-widget elementor-widget-icon-box\" data-id=\"edc36c8\" data-element_type=\"widget\" data-widget_type=\"icon-box.default\">\n\t\t\t\t<div class=\"elementor-widget-container\">\n\t\t\t\t\t\t\t<div class=\"elementor-icon-box-wrapper\">\n\n\t\t\t\t\t\t<div class=\"elementor-icon-box-icon\">\n\t\t\t\t<span  class=\"elementor-icon\">\n\t\t\t\t<svg aria-hidden=\"true\" class=\"e-font-icon-svg e-fas-cube\" viewBox=\"0 0 512 512\" xmlns=\"http:\/\/www.w3.org\/2000\/svg\"><path d=\"M239.1 6.3l-208 78c-18.7 7-31.1 25-31.1 45v225.1c0 18.2 10.3 34.8 26.5 42.9l208 104c13.5 6.8 29.4 6.8 42.9 0l208-104c16.3-8.1 26.5-24.8 26.5-42.9V129.3c0-20-12.4-37.9-31.1-44.9l-208-78C262 2.2 250 2.2 239.1 6.3zM256 68.4l192 72v1.1l-192 78-192-78v-1.1l192-72zm32 356V275.5l160-65v133.9l-160 80z\"><\/path><\/svg>\t\t\t\t<\/span>\n\t\t\t<\/div>\n\t\t\t\n\t\t\t\t\t\t<div class=\"elementor-icon-box-content\">\n\n\t\t\t\t\t\t\t\t\t<h4 class=\"elementor-icon-box-title\">\n\t\t\t\t\t\t<span  >\n\t\t\t\t\t\t\tInterface simplificada\t\t\t\t\t\t<\/span>\n\t\t\t\t\t<\/h4>\n\t\t\t\t\n\t\t\t\t\t\t\t\t\t<p class=\"elementor-icon-box-description\">\n\t\t\t\t\t\tSimplicidade \u00e9 um termo usado em sentido amplo para se referir \u00e0 necessidade.\t\t\t\t\t<\/p>\n\t\t\t\t\n\t\t\t<\/div>\n\t\t\t\n\t\t<\/div>\n\t\t\t\t\t\t<\/div>\n\t\t\t\t<\/div>\n\t\t\t\t<\/div>\n\t\t\t\t\t<\/div>\n\t\t\t\t<\/div>\n\t\t<div class=\"elementor-element elementor-element-5fdb465 e-flex e-con-boxed e-con e-parent\" data-id=\"5fdb465\" data-element_type=\"container\">\n\t\t\t\t\t<div class=\"e-con-inner\">\n\t\t<div class=\"elementor-element elementor-element-4e19c24 e-con-full e-flex e-con e-child\" data-id=\"4e19c24\" data-element_type=\"container\">\n\t\t\t\t<div class=\"elementor-element elementor-element-7d2899e elementor-widget elementor-widget-heading\" data-id=\"7d2899e\" data-element_type=\"widget\" data-widget_type=\"heading.default\">\n\t\t\t\t<div class=\"elementor-widget-container\">\n\t\t\t\t\t<h2 class=\"elementor-heading-title elementor-size-default\">minha Miss\u00e3o<\/h2>\t\t\t\t<\/div>\n\t\t\t\t<\/div>\n\t\t\t\t<div class=\"elementor-element elementor-element-b2c7cfb elementor-widget elementor-widget-text-editor\" data-id=\"b2c7cfb\" data-element_type=\"widget\" data-widget_type=\"text-editor.default\">\n\t\t\t\t<div class=\"elementor-widget-container\">\n\t\t\t\t\t\t\t\t\t<p>Nossa miss\u00e3o \u00e9 transformar o mundo em um lugar de maior consci\u00eancia e liberdade, uma mente por vez. N\u00f3s nos dedicamos a fornecer aos nossos clientes a mais alta qualidade em Reprograma\u00e7\u00e3o Emocional e ferramentas de autoconhecimento, junto com o suporte necess\u00e1rio para que flores\u00e7am plenamente.<\/p>\t\t\t\t\t\t\t\t<\/div>\n\t\t\t\t<\/div>\n\t\t<div class=\"elementor-element elementor-element-e344637 e-grid e-con-full e-con e-child\" data-id=\"e344637\" data-element_type=\"container\">\n\t\t\t\t<div class=\"elementor-element elementor-element-c4aa973 elementor-list-item-link-full_width elementor-widget elementor-widget-icon-list\" data-id=\"c4aa973\" data-element_type=\"widget\" data-widget_type=\"icon-list.default\">\n\t\t\t\t<div class=\"elementor-widget-container\">\n\t\t\t\t\t\t\t<ul class=\"elementor-icon-list-items\">\n\t\t\t\t\t\t\t<li class=\"elementor-icon-list-item\">\n\t\t\t\t\t\t\t\t\t\t\t<span class=\"elementor-icon-list-icon\">\n\t\t\t\t\t\t\t<svg aria-hidden=\"true\" class=\"e-font-icon-svg e-fas-check-circle\" viewBox=\"0 0 512 512\" xmlns=\"http:\/\/www.w3.org\/2000\/svg\"><path d=\"M504 256c0 136.967-111.033 248-248 248S8 392.967 8 256 119.033 8 256 8s248 111.033 248 248zM227.314 387.314l184-184c6.248-6.248 6.248-16.379 0-22.627l-22.627-22.627c-6.248-6.249-16.379-6.249-22.628 0L216 308.118l-70.059-70.059c-6.248-6.248-16.379-6.248-22.628 0l-22.627 22.627c-6.248 6.248-6.248 16.379 0 22.627l104 104c6.249 6.249 16.379 6.249 22.628.001z\"><\/path><\/svg>\t\t\t\t\t\t<\/span>\n\t\t\t\t\t\t\t\t\t\t<span class=\"elementor-icon-list-text\">Qualidade e Profundidade<\/span>\n\t\t\t\t\t\t\t\t\t<\/li>\n\t\t\t\t\t\t\t\t<li class=\"elementor-icon-list-item\">\n\t\t\t\t\t\t\t\t\t\t\t<span class=\"elementor-icon-list-icon\">\n\t\t\t\t\t\t\t<svg aria-hidden=\"true\" class=\"e-font-icon-svg e-fas-check-circle\" viewBox=\"0 0 512 512\" xmlns=\"http:\/\/www.w3.org\/2000\/svg\"><path d=\"M504 256c0 136.967-111.033 248-248 248S8 392.967 8 256 119.033 8 256 8s248 111.033 248 248zM227.314 387.314l184-184c6.248-6.248 6.248-16.379 0-22.627l-22.627-22.627c-6.248-6.249-16.379-6.249-22.628 0L216 308.118l-70.059-70.059c-6.248-6.248-16.379-6.248-22.628 0l-22.627 22.627c-6.248 6.248-6.248 16.379 0 22.627l104 104c6.249 6.249 16.379 6.249 22.628.001z\"><\/path><\/svg>\t\t\t\t\t\t<\/span>\n\t\t\t\t\t\t\t\t\t\t<span class=\"elementor-icon-list-text\">Pr\u00e1ticas Acolhedoras<\/span>\n\t\t\t\t\t\t\t\t\t<\/li>\n\t\t\t\t\t\t<\/ul>\n\t\t\t\t\t\t<\/div>\n\t\t\t\t<\/div>\n\t\t\t\t<div class=\"elementor-element elementor-element-f439fd0 elementor-icon-list--layout-traditional elementor-list-item-link-full_width elementor-widget elementor-widget-icon-list\" data-id=\"f439fd0\" data-element_type=\"widget\" data-widget_type=\"icon-list.default\">\n\t\t\t\t<div class=\"elementor-widget-container\">\n\t\t\t\t\t\t\t<ul class=\"elementor-icon-list-items\">\n\t\t\t\t\t\t\t<li class=\"elementor-icon-list-item\">\n\t\t\t\t\t\t\t\t\t\t\t<span class=\"elementor-icon-list-icon\">\n\t\t\t\t\t\t\t<svg aria-hidden=\"true\" class=\"e-font-icon-svg e-fas-check-circle\" viewBox=\"0 0 512 512\" xmlns=\"http:\/\/www.w3.org\/2000\/svg\"><path d=\"M504 256c0 136.967-111.033 248-248 248S8 392.967 8 256 119.033 8 256 8s248 111.033 248 248zM227.314 387.314l184-184c6.248-6.248 6.248-16.379 0-22.627l-22.627-22.627c-6.248-6.249-16.379-6.249-22.628 0L216 308.118l-70.059-70.059c-6.248-6.248-16.379-6.248-22.628 0l-22.627 22.627c-6.248 6.248-6.248 16.379 0 22.627l104 104c6.249 6.249 16.379 6.249 22.628.001z\"><\/path><\/svg>\t\t\t\t\t\t<\/span>\n\t\t\t\t\t\t\t\t\t\t<span class=\"elementor-icon-list-text\">Orienta\u00e7\u00e3o Especializada<\/span>\n\t\t\t\t\t\t\t\t\t<\/li>\n\t\t\t\t\t\t\t\t<li class=\"elementor-icon-list-item\">\n\t\t\t\t\t\t\t\t\t\t\t<span class=\"elementor-icon-list-icon\">\n\t\t\t\t\t\t\t<svg aria-hidden=\"true\" class=\"e-font-icon-svg e-fas-check-circle\" viewBox=\"0 0 512 512\" xmlns=\"http:\/\/www.w3.org\/2000\/svg\"><path d=\"M504 256c0 136.967-111.033 248-248 248S8 392.967 8 256 119.033 8 256 8s248 111.033 248 248zM227.314 387.314l184-184c6.248-6.248 6.248-16.379 0-22.627l-22.627-22.627c-6.248-6.249-16.379-6.249-22.628 0L216 308.118l-70.059-70.059c-6.248-6.248-16.379-6.248-22.628 0l-22.627 22.627c-6.248 6.248-6.248 16.379 0 22.627l104 104c6.249 6.249 16.379 6.249 22.628.001z\"><\/path><\/svg>\t\t\t\t\t\t<\/span>\n\t\t\t\t\t\t\t\t\t\t<span class=\"elementor-icon-list-text\">Equipe Sens\u00edvel<\/span>\n\t\t\t\t\t\t\t\t\t<\/li>\n\t\t\t\t\t\t<\/ul>\n\t\t\t\t\t\t<\/div>\n\t\t\t\t<\/div>\n\t\t\t\t<\/div>\n\t\t\t\t<\/div>\n\t\t<div class=\"elementor-element elementor-element-49b650b e-con-full e-flex e-con e-child\" data-id=\"49b650b\" data-element_type=\"container\">\n\t\t\t\t<div class=\"elementor-element elementor-element-acdcc95 elementor-widget elementor-widget-image\" data-id=\"acdcc95\" data-element_type=\"widget\" data-widget_type=\"image.default\">\n\t\t\t\t<div class=\"elementor-widget-container\">\n\t\t\t\t\t\t\t\t\t\t\t\t\t\t\t<img decoding=\"async\" width=\"810\" height=\"1013\" src=\"https:\/\/eubrand.com.br\/templatestore\/wp-content\/uploads\/sites\/3\/2025\/12\/Design-sem-nome-2025-12-11T143154.293.jpg\" class=\"attachment-large size-large wp-image-807\" alt=\"\" srcset=\"https:\/\/eubrand.com.br\/templatestore\/wp-content\/uploads\/sites\/3\/2025\/12\/Design-sem-nome-2025-12-11T143154.293.jpg 810w, https:\/\/eubrand.com.br\/templatestore\/wp-content\/uploads\/sites\/3\/2025\/12\/Design-sem-nome-2025-12-11T143154.293-240x300.jpg 240w, https:\/\/eubrand.com.br\/templatestore\/wp-content\/uploads\/sites\/3\/2025\/12\/Design-sem-nome-2025-12-11T143154.293-768x960.jpg 768w, https:\/\/eubrand.com.br\/templatestore\/wp-content\/uploads\/sites\/3\/2025\/12\/Design-sem-nome-2025-12-11T143154.293-800x1000.jpg 800w\" sizes=\"(max-width: 810px) 100vw, 810px\" \/>\t\t\t\t\t\t\t\t\t\t\t\t\t\t\t<\/div>\n\t\t\t\t<\/div>\n\t\t\t\t<\/div>\n\t\t\t\t\t<\/div>\n\t\t\t\t<\/div>\n\t\t\t\t<\/div>\n\t\t","protected":false},"excerpt":{"rendered":"<p>Trabalhando com Paix\u00e3o Minha Miss\u00e3o \u00e9 Fornecer a Voc\u00ea Sua Total Liberdade Emocional. O Instituto Liberdade Plena foi fundado com [&hellip;]<\/p>\n","protected":false},"author":1,"featured_media":0,"parent":0,"menu_order":0,"comment_status":"closed","ping_status":"closed","template":"elementor_theme","meta":{"site-sidebar-layout":"no-sidebar","site-content-layout":"","ast-site-content-layout":"full-width-container","site-content-style":"unboxed","site-sidebar-style":"default","ast-global-header-display":"","ast-banner-title-visibility":"","ast-main-header-display":"","ast-hfb-above-header-display":"","ast-hfb-below-header-display":"","ast-hfb-mobile-header-display":"","site-post-title":"disabled","ast-breadcrumbs-content":"","ast-featured-img":"disabled","footer-sml-layout":"","ast-disable-related-posts":"","theme-transparent-header-meta":"disabled","adv-header-id-meta":"","stick-header-meta":"","header-above-stick-meta":"","header-main-stick-meta":"","header-below-stick-meta":"","astra-migrate-meta-layouts":"default","ast-page-background-enabled":"default","ast-page-background-meta":{"desktop":{"background-color":"var(--ast-global-color-4)","background-image":"","background-repeat":"repeat","background-position":"center center","background-size":"auto","background-attachment":"scroll","background-type":"","background-media":"","overlay-type":"","overlay-color":"","overlay-opacity":"","overlay-gradient":""},"tablet":{"background-color":"","background-image":"","background-repeat":"repeat","background-position":"center center","background-size":"auto","background-attachment":"scroll","background-type":"","background-media":"","overlay-type":"","overlay-color":"","overlay-opacity":"","overlay-gradient":""},"mobile":{"background-color":"","background-image":"","background-repeat":"repeat","background-position":"center center","background-size":"auto","background-attachment":"scroll","background-type":"","background-media":"","overlay-type":"","overlay-color":"","overlay-opacity":"","overlay-gradient":""}},"ast-content-background-meta":{"desktop":{"background-color":"var(--ast-global-color-5)","background-image":"","background-repeat":"repeat","background-position":"center center","background-size":"auto","background-attachment":"scroll","background-type":"","background-media":"","overlay-type":"","overlay-color":"","overlay-opacity":"","overlay-gradient":""},"tablet":{"background-color":"var(--ast-global-color-5)","background-image":"","background-repeat":"repeat","background-position":"center center","background-size":"auto","background-attachment":"scroll","background-type":"","background-media":"","overlay-type":"","overlay-color":"","overlay-opacity":"","overlay-gradient":""},"mobile":{"background-color":"var(--ast-global-color-5)","background-image":"","background-repeat":"repeat","background-position":"center center","background-size":"auto","background-attachment":"scroll","background-type":"","background-media":"","overlay-type":"","overlay-color":"","overlay-opacity":"","overlay-gradient":""}},"footnotes":""},"class_list":["post-15","page","type-page","status-publish","hentry"],"_links":{"self":[{"href":"https:\/\/eubrand.com.br\/templatestore\/wp-json\/wp\/v2\/pages\/15","targetHints":{"allow":["GET"]}}],"collection":[{"href":"https:\/\/eubrand.com.br\/templatestore\/wp-json\/wp\/v2\/pages"}],"about":[{"href":"https:\/\/eubrand.com.br\/templatestore\/wp-json\/wp\/v2\/types\/page"}],"author":[{"embeddable":true,"href":"https:\/\/eubrand.com.br\/templatestore\/wp-json\/wp\/v2\/users\/1"}],"replies":[{"embeddable":true,"href":"https:\/\/eubrand.com.br\/templatestore\/wp-json\/wp\/v2\/comments?post=15"}],"version-history":[{"count":33,"href":"https:\/\/eubrand.com.br\/templatestore\/wp-json\/wp\/v2\/pages\/15\/revisions"}],"predecessor-version":[{"id":890,"href":"https:\/\/eubrand.com.br\/templatestore\/wp-json\/wp\/v2\/pages\/15\/revisions\/890"}],"wp:attachment":[{"href":"https:\/\/eubrand.com.br\/templatestore\/wp-json\/wp\/v2\/media?parent=15"}],"curies":[{"name":"wp","href":"https:\/\/api.w.org\/{rel}","templated":true}]}}